{"id":103,"date":"2009-09-22T03:26:53","date_gmt":"2009-09-22T07:26:53","guid":{"rendered":"http:\/\/www.vineta.fi\/?page_id=103"},"modified":"2009-09-22T05:39:53","modified_gmt":"2009-09-22T09:39:53","slug":"historia","status":"publish","type":"page","link":"https:\/\/www.vineta.fi\/?page_id=103","title":{"rendered":"Historia"},"content":{"rendered":"<div id=\"attachment_118\" style=\"width: 472px\" class=\"wp-caption alignright\"><img aria-describedby=\"caption-attachment-118\" loading=\"lazy\" class=\"size-full wp-image-118\" title=\"mariankatu\" src=\"http:\/\/www.vineta.fi\/wp-content\/uploads\/2009\/09\/mariankatu.jpg\" alt=\"Mariankatu vuonna 1907\" width=\"462\" height=\"339\" srcset=\"https:\/\/www.vineta.fi\/wp-content\/uploads\/2009\/09\/mariankatu.jpg 462w, https:\/\/www.vineta.fi\/wp-content\/uploads\/2009\/09\/mariankatu-300x220.jpg 300w\" sizes=\"(max-width: 462px) 100vw, 462px\" \/><p id=\"caption-attachment-118\" class=\"wp-caption-text\">Mariankatu 1900-luvun alussa.<\/p><\/div>\n<p>Asunto-osakeyhti\u00f6 Vinetan ensiaskeleet otettiin vuonna 1916, kun varatuomari Hjalmar Ekholm ja arkkitehti Valter Thome yhdess\u00e4 nuoremman veljens\u00e4, mets\u00e4nhoitaja William Thomen kanssa perustivat kiinteist\u00f6osakeyhti\u00f6 Vinetan. Erin\u00e4isten mutkien kautta Vinetan osakkeet lopulta p\u00e4\u00e4tyiv\u00e4t Antti Salon ja K.W. Elovuoren haltuun vuonna 1927. Heti osakekaupat tehty\u00e4\u00e4n uudet omistajat tilasivat piirustukset arkkitehtittoimisto Jussi ja Toivo Paatelalta.<\/p>\n<p>Yhti\u00f6n erikoiselta kuulostava nimi l\u00f6ytyi satujen ja tarujen maailmasta. Vineta oli muinainen kauppakaupunki Oderin suulla ja sen kerrottiin uponneen mereen myrskytulvan pyyhk\u00e4isty\u00e4 yli kaupungin. Vinetan tarina sis\u00e4ltyy Selma Lagerl\u00f6fin suosittuun satukirjaan &#8221;Peukaloisen retket villihanhien seurassa&#8221; joka lienee tuolloin ollut tunnettu ainakin ruotsinkielisen v\u00e4est\u00f6n keskuudessa.<\/p>\n<p>Vinetan paikalla ollutta &#8221;everstiluutnantti ja ritari&#8221; Hisingerin rakennuttama ja C.J.E. Gustavssonin v. 1839 suunittelemaa yksikerroksista aumakattoista hirsitaloa alettiin purkamaan 1927 toukokuun alussa ja Vinetan perustusty\u00f6t aloitettiin saman kuun lopulla.\u00a0 Rakennusprojekti valmistui kes\u00e4ll\u00e4 1928. Arkkitehtiveljesten Jussi ja Toivo Paatelan suunnittelema rakennus on osa Kruunuhaan arvokasta kaupunkimilj\u00f6\u00f6t\u00e4 ja liittyy 1920-luvun loppupuolen voimakkaaseen asuntotuotantoon. Rakennus on my\u00f6s suojeltu nykyisell\u00e4 asemakaavalla.<\/p>\n<div id=\"attachment_139\" style=\"width: 472px\" class=\"wp-caption alignleft\"><img aria-describedby=\"caption-attachment-139\" loading=\"lazy\" class=\"size-full wp-image-139\" title=\"nikolaintornista1\" src=\"http:\/\/www.vineta.fi\/wp-content\/uploads\/2009\/09\/nikolaintornista1.jpg\" alt=\"N\u00e4kym\u00e4 Tuomiokirkon tornista pohjoisrantaan p\u00e4in v. 1907\" width=\"462\" height=\"339\" srcset=\"https:\/\/www.vineta.fi\/wp-content\/uploads\/2009\/09\/nikolaintornista1.jpg 462w, https:\/\/www.vineta.fi\/wp-content\/uploads\/2009\/09\/nikolaintornista1-300x220.jpg 300w\" sizes=\"(max-width: 462px) 100vw, 462px\" \/><p id=\"caption-attachment-139\" class=\"wp-caption-text\">Muinainen n\u00e4kym\u00e4 Nikolainkirkon (nykyisen Tuomiokirkon) tornista Pohjoisrantaan p\u00e4in.<\/p><\/div>\n<div id=\"attachment_127\" style=\"width: 472px\" class=\"wp-caption alignleft\"><img aria-describedby=\"caption-attachment-127\" loading=\"lazy\" class=\"size-full wp-image-127\" title=\"mariebad\" src=\"http:\/\/www.vineta.fi\/wp-content\/uploads\/2009\/09\/mariebad.jpg\" alt=\"Mariankatu 13  \/ Marie-bad kylpyl\u00e4 vuonna 1907\" width=\"462\" height=\"339\" srcset=\"https:\/\/www.vineta.fi\/wp-content\/uploads\/2009\/09\/mariebad.jpg 462w, https:\/\/www.vineta.fi\/wp-content\/uploads\/2009\/09\/mariebad-300x220.jpg 300w\" sizes=\"(max-width: 462px) 100vw, 462px\" \/><p id=\"caption-attachment-127\" class=\"wp-caption-text\">Mariankatu 13  \/ Marie-bad kylpyl\u00e4 1900-luvun alussa.<\/p><\/div>\n","protected":false},"excerpt":{"rendered":"<p>Asunto-osakeyhti\u00f6 Vinetan ensiaskeleet otettiin vuonna 1916, kun varatuomari Hjalmar Ekholm ja arkkitehti Valter Thome yhdess\u00e4 nuoremman veljens\u00e4, mets\u00e4nhoitaja William Thomen kanssa perustivat kiinteist\u00f6osakeyhti\u00f6 Vinetan. Erin\u00e4isten mutkien kautta Vinetan osakkeet lopulta p\u00e4\u00e4tyiv\u00e4t Antti Salon ja K.W. Elovuoren haltuun vuonna 1927. Heti osakekaupat tehty\u00e4\u00e4n uudet omistajat tilasivat piirustukset arkkitehtittoimisto Jussi ja Toivo Paatelalta. Yhti\u00f6n erikoiselta kuulostava nimi [&hellip;]<\/p>\n","protected":false},"author":1,"featured_media":0,"parent":0,"menu_order":0,"comment_status":"closed","ping_status":"closed","template":"page-nosidebar.php","meta":[],"_links":{"self":[{"href":"https:\/\/www.vineta.fi\/index.php?rest_route=\/wp\/v2\/pages\/103"}],"collection":[{"href":"https:\/\/www.vineta.fi\/index.php?rest_route=\/wp\/v2\/pages"}],"about":[{"href":"https:\/\/www.vineta.fi\/index.php?rest_route=\/wp\/v2\/types\/page"}],"author":[{"embeddable":true,"href":"https:\/\/www.vineta.fi\/index.php?rest_route=\/wp\/v2\/users\/1"}],"replies":[{"embeddable":true,"href":"https:\/\/www.vineta.fi\/index.php?rest_route=%2Fwp%2Fv2%2Fcomments&post=103"}],"version-history":[{"count":57,"href":"https:\/\/www.vineta.fi\/index.php?rest_route=\/wp\/v2\/pages\/103\/revisions"}],"predecessor-version":[{"id":107,"href":"https:\/\/www.vineta.fi\/index.php?rest_route=\/wp\/v2\/pages\/103\/revisions\/107"}],"wp:attachment":[{"href":"https:\/\/www.vineta.fi\/index.php?rest_route=%2Fwp%2Fv2%2Fmedia&parent=103"}],"curies":[{"name":"wp","href":"https:\/\/api.w.org\/{rel}","templated":true}]}}