{"id":2,"date":"2009-06-11T10:58:50","date_gmt":"2009-06-11T14:58:50","guid":{"rendered":"http:\/\/www.vineta.fi\/?page_id=2"},"modified":"2019-05-23T11:14:25","modified_gmt":"2019-05-23T08:14:25","slug":"about","status":"publish","type":"page","link":"https:\/\/www.vineta.fi\/?page_id=2","title":{"rendered":"Yhteystiedot"},"content":{"rendered":"<p style=\"text-align: center;\"><img loading=\"lazy\" title=\"vineta\" class=\"size-full wp-image-21 alignleft\" src=\"http:\/\/www.vineta.fi\/wp-content\/uploads\/2009\/08\/krunika.jpg\" alt=\"vineta\" width=\"593\" height=\"392\" \/><\/p>\n<h3 style=\"text-align: center;\">Asunto-osakeyhti\u00f6 Vineta<\/h3>\n<p style=\"text-align: center;\">Rauhankatu 8 \/ Mariankatu 13 b<\/p>\n<p style=\"text-align: center;\">00170 Helsinki<\/p>\n<p style=\"text-align: center;\">\u2022<\/p>\n<p style=\"text-align: center;\">Is\u00e4nn\u00f6itsij\u00e4:<\/p>\n<p style=\"text-align: center;\"><a href=\"mailto:tom@siljamaki.fi\">Tom Siljam\u00e4ki<\/a><\/p>\n<p style=\"text-align: center;\"><span> Is\u00e4nn\u00f6itsij\u00e4toimisto Siljam\u00e4ki <\/span><\/p>\n<p style=\"text-align: center;\"><span>Vuorikatu 16 A 11 <\/span><\/p>\n<p style=\"text-align: center;\"><span>00100 Helsinki <\/span><\/p>\n<p style=\"text-align: center;\"><span>puh. 050-581 0266<\/span><\/p>\n<p style=\"text-align: center;\"><a href=\"https:\/\/siljamaki.fi\">Siljam\u00e4ki.fi<\/a><\/p>\n<p style=\"text-align: center;\">\u2022<\/p>\n<p style=\"text-align: center;\">Kiinteist\u00f6huolto:<\/p>\n<p style=\"text-align: center;\"><a href=\"mailto:kruununhaka@kiinteistohuoltomaatta.fi\">Kiinteist\u00f6huolto M\u00e4\u00e4tt\u00e4<\/a><\/p>\n<p style=\"text-align: center;\">Satamankatu 4 A 1<\/p>\n<p style=\"text-align: center;\">00160 HELSINKI<\/p>\n<p style=\"text-align: center;\">gsm. 0400 &#8211; 952 915<\/p>\n","protected":false},"excerpt":{"rendered":"<p>Asunto-osakeyhti\u00f6 Vineta Rauhankatu 8 \/ Mariankatu 13 b 00170 Helsinki \u2022 Is\u00e4nn\u00f6itsij\u00e4: Tom Siljam\u00e4ki Is\u00e4nn\u00f6itsij\u00e4toimisto Siljam\u00e4ki Vuorikatu 16 A 11 00100 Helsinki puh. 050-581 0266 Siljam\u00e4ki.fi \u2022 Kiinteist\u00f6huolto: Kiinteist\u00f6huolto M\u00e4\u00e4tt\u00e4 Satamankatu 4 A 1 00160 HELSINKI gsm. 0400 &#8211; 952 915<\/p>\n","protected":false},"author":1,"featured_media":0,"parent":0,"menu_order":0,"comment_status":"closed","ping_status":"closed","template":"page-nosidebar.php","meta":[],"_links":{"self":[{"href":"https:\/\/www.vineta.fi\/index.php?rest_route=\/wp\/v2\/pages\/2"}],"collection":[{"href":"https:\/\/www.vineta.fi\/index.php?rest_route=\/wp\/v2\/pages"}],"about":[{"href":"https:\/\/www.vineta.fi\/index.php?rest_route=\/wp\/v2\/types\/page"}],"author":[{"embeddable":true,"href":"https:\/\/www.vineta.fi\/index.php?rest_route=\/wp\/v2\/users\/1"}],"replies":[{"embeddable":true,"href":"https:\/\/www.vineta.fi\/index.php?rest_route=%2Fwp%2Fv2%2Fcomments&post=2"}],"version-history":[{"count":70,"href":"https:\/\/www.vineta.fi\/index.php?rest_route=\/wp\/v2\/pages\/2\/revisions"}],"predecessor-version":[{"id":6,"href":"https:\/\/www.vineta.fi\/index.php?rest_route=\/wp\/v2\/pages\/2\/revisions\/6"}],"wp:attachment":[{"href":"https:\/\/www.vineta.fi\/index.php?rest_route=%2Fwp%2Fv2%2Fmedia&parent=2"}],"curies":[{"name":"wp","href":"https:\/\/api.w.org\/{rel}","templated":true}]}}